{"id":316,"date":"2021-06-17T23:46:34","date_gmt":"2021-06-17T21:46:34","guid":{"rendered":"https:\/\/www.festspiel-gourmet.de\/?page_id=316"},"modified":"2025-10-21T13:45:41","modified_gmt":"2025-10-21T11:45:41","slug":"impressum","status":"publish","type":"page","link":"https:\/\/www.wahnfood.de\/en\/impressum\/","title":{"rendered":"Impressum"},"content":{"rendered":"<p>[et_pb_section fb_built=&#8221;1&#8243; _builder_version=&#8221;4.9.6&#8243; _module_preset=&#8221;default&#8221; background_color=&#8221;#808080&#8243; custom_margin=&#8221;0px||0px||false|false&#8221; custom_padding=&#8221;0px||0px||false|false&#8221;][et_pb_row _builder_version=&#8221;4.9.6&#8243; _module_preset=&#8221;default&#8221;][et_pb_column type=&#8221;4_4&#8243; _builder_version=&#8221;4.9.6&#8243; _module_preset=&#8221;default&#8221;][et_pb_code _builder_version=&#8221;4.9.6&#8243; _module_preset=&#8221;default&#8221;]<\/p>\n<div style=\"height: 70px;\"><!-- [et_pb_line_break_holder] --><\/div>\n<p>[\/et_pb_code][\/et_pb_column][\/et_pb_row][\/et_pb_section][et_pb_section fb_built=&#8221;1&#8243; _builder_version=&#8221;4.9.6&#8243; _module_preset=&#8221;default&#8221;][et_pb_row _builder_version=&#8221;4.9.6&#8243; _module_preset=&#8221;default&#8221;][et_pb_column type=&#8221;4_4&#8243; _builder_version=&#8221;4.9.6&#8243; _module_preset=&#8221;default&#8221;][et_pb_text module_class=&#8221;fliesstext-intro&#8221; _builder_version=&#8221;4.9.6&#8243; _module_preset=&#8221;default&#8221;]<\/p>\n<h1><span style=\"color: #b5a28b;\"><span style=\"font-family: Baskervville; font-weight: normal;\">Impressum<\/span><\/span><\/h1>\n<h2>Angaben gem\u00e4\u00df \u00a7 5 TMG:<\/h2>\n<p>wahnfood GmbH<br \/>Siegfriedstrasse 5<br \/>95444 Bayreuth<\/p>\n<p>Handelsregister Bayreuth: HRB 7711<br \/>Gesch\u00e4ftsf\u00fchrer: Engin G\u00fclyaprak, Axel Gottstein<\/p>\n<h2>Kontakt:<\/h2>\n<p>Telefon: +49 (0) 152 08710394<br \/>E-Mail: kontakt@wahnfood.de<\/p>\n<h2>Umsatzsteuer-ID:<\/h2>\n<p>Umsatzsteuer-Identifikationsnummer gem\u00e4\u00df \u00a727 a Umsatzsteuergesetz:<br \/>DE 353439845<\/p>\n<h2>Streitschlichtung<\/h2>\n<p>Die Europ\u00e4ische Kommission stellt eine Plattform zur Online-Streitbeilegung (OS) bereit: <a href=\"https:\/\/ec.europa.eu\/consumers\/odr\" target=\"_blank\" rel=\"noopener\">https:\/\/ec.europa.eu\/consumers\/odr<\/a>.<br \/>Unsere E-Mail-Adresse finden Sie oben im Impressum.<\/p>\n<p>Wir sind nicht bereit oder verpflichtet, an Streitbeilegungsverfahren vor einer Verbraucherschlichtungsstelle teilzunehmen.<\/p>\n<h2>Haftung f\u00fcr Inhalte<\/h2>\n<p>Als Diensteanbieter sind wir gem\u00e4\u00df \u00a7 7 Abs.1 TMG f\u00fcr eigene Inhalte auf diesen Seiten nach den allgemeinen Gesetzen verantwortlich. Nach \u00a7\u00a7 8 bis 10 TMG sind wir als Diensteanbieter jedoch nicht verpflichtet, \u00fcbermittelte oder gespeicherte fremde Informationen zu \u00fcberwachen oder nach Umst\u00e4nden zu forschen, die auf eine rechtswidrige T\u00e4tigkeit hinweisen. Verpflichtungen zur Entfernung oder Sperrung der Nutzung von Informationen nach den allgemeinen Gesetzen bleiben hiervon unber\u00fchrt. Eine diesbez\u00fcgliche Haftung ist jedoch erst ab dem Zeitpunkt der Kenntnis einer konkreten Rechtsverletzung m\u00f6glich. Bei Bekanntwerden von entsprechenden Rechtsverletzungen werden wir diese Inhalte umgehend entfernen.<\/p>\n<h2>Haftung f\u00fcr Links<\/h2>\n<p>Unser Angebot enth\u00e4lt Links zu externen Webseiten Dritter, auf deren Inhalte wir keinen Einfluss haben. Deshalb k\u00f6nnen wir f\u00fcr diese fremden Inhalte auch keine Gew\u00e4hr \u00fcbernehmen. F\u00fcr die Inhalte der verlinkten Seiten ist stets der jeweilige Anbieter oder Betreiber der Seiten verantwortlich. Die verlinkten Seiten wurden zum Zeitpunkt der Verlinkung auf m\u00f6gliche Rechtsverst\u00f6\u00dfe \u00fcberpr\u00fcft. Rechtswidrige Inhalte waren zum Zeitpunkt der Verlinkung nicht erkennbar. Eine permanente inhaltliche Kontrolle der verlinkten Seiten ist jedoch ohne konkrete Anhaltspunkte einer Rechtsverletzung nicht zumutbar. Bei Bekanntwerden von Rechtsverletzungen werden wir derartige Links umgehend entfernen.<\/p>\n<h2>Urheberrecht<\/h2>\n<p>Die durch die Seitenbetreiber erstellten Inhalte und Werke auf diesen Seiten unterliegen dem deutschen Urheberrecht. Die Vervielf\u00e4ltigung, Bearbeitung, Verbreitung und jede Art der Verwertung au\u00dferhalb der Grenzen des Urheberrechtes bed\u00fcrfen der schriftlichen Zustimmung des jeweiligen Autors bzw. Erstellers. Downloads und Kopien dieser Seite sind nur f\u00fcr den privaten, nicht kommerziellen Gebrauch gestattet. Soweit die Inhalte auf dieser Seite nicht vom Betreiber erstellt wurden, werden die Urheberrechte Dritter beachtet. Insbesondere werden Inhalte Dritter als solche gekennzeichnet. Sollten Sie trotzdem auf eine Urheberrechtsverletzung aufmerksam werden, bitten wir um einen entsprechenden Hinweis. Bei Bekanntwerden von Rechtsverletzungen werden wir derartige Inhalte umgehend entfernen.<\/p>\n<h2>Webdesign und technische Umsetzung<\/h2>\n<p>antsandelephants GmbH &#8211; Werbeagentur und Fotostudio, Bayreuth \u00b7 \u00a0<a href=\"https:\/\/www.antsandelephants.de\">www.antsandelephants.de<\/a><\/p>\n<p>Quellenangaben f\u00fcr die verwendeten Bilder und Grafiken:<br \/><a href=\"http:\/\/www.antsandelephants.de\/\" target=\"_blank\" rel=\"nofollow noopener\">www.antsandelephants.de<\/a><br \/><a href=\"http:\/\/www.fotolia.com\/\" target=\"_blank\" rel=\"nofollow noopener\">www.istockphoto.com<\/a><br \/>Bayreuther Festspiele\/Enrico Nawrath<\/p>\n<p>[\/et_pb_text][\/et_pb_column][\/et_pb_row][\/et_pb_section]<\/p>\n","protected":false},"excerpt":{"rendered":"<p>[et_pb_section fb_built=&#8221;1&#8243; _builder_version=&#8221;4.9.6&#8243; _module_preset=&#8221;default&#8221; background_color=&#8221;#808080&#8243; custom_margin=&#8221;0px||0px||false|false&#8221; custom_padding=&#8221;0px||0px||false|false&#8221;][et_pb_row _builder_version=&#8221;4.9.6&#8243; _module_preset=&#8221;default&#8221;][et_pb_column type=&#8221;4_4&#8243; _builder_version=&#8221;4.9.6&#8243; _module_preset=&#8221;default&#8221;][et_pb_code _builder_version=&#8221;4.9.6&#8243; _module_preset=&#8221;default&#8221;] [\/et_pb_code][\/et_pb_column][\/et_pb_row][\/et_pb_section][et_pb_section fb_built=&#8221;1&#8243; _builder_version=&#8221;4.9.6&#8243; _module_preset=&#8221;default&#8221;][et_pb_row _builder_version=&#8221;4.9.6&#8243; _module_preset=&#8221;default&#8221;][et_pb_column type=&#8221;4_4&#8243; _builder_version=&#8221;4.9.6&#8243; _module_preset=&#8221;default&#8221;][et_pb_text module_class=&#8221;fliesstext-intro&#8221; _builder_version=&#8221;4.9.6&#8243; _module_preset=&#8221;default&#8221;] Impressum Angaben gem\u00e4\u00df \u00a7 5 TMG: wahnfood GmbHSiegfriedstrasse 595444 Bayreuth Handelsregister Bayreuth: HRB 7711Gesch\u00e4ftsf\u00fchrer: Engin G\u00fclyaprak, Axel Gottstein Kontakt: Telefon: +49 (0) 152 08710394E-Mail: kontakt@wahnfood.de Umsatzsteuer-ID: Umsatzsteuer-Identifikationsnummer gem\u00e4\u00df \u00a727 [&hellip;]<\/p>\n","protected":false},"author":1,"featured_media":0,"parent":0,"menu_order":0,"comment_status":"closed","ping_status":"closed","template":"template-home.php","meta":{"_et_pb_use_builder":"on","_et_pb_old_content":"xxx","_et_gb_content_width":"","footnotes":""},"class_list":["post-316","page","type-page","status-publish","hentry"],"yoast_head":"<!-- This site is optimized with the Yoast SEO plugin v19.9 - https:\/\/yoast.com\/wordpress\/plugins\/seo\/ -->\n<title>Impressum - wahnfood GmbH<\/title>\n<meta name=\"robots\" content=\"index, follow, max-snippet:-1, max-image-preview:large, max-video-preview:-1\" \/>\n<link rel=\"canonical\" href=\"https:\/\/www.wahnfood.de\/en\/impressum\/\" \/>\n<meta property=\"og:locale\" content=\"en_US\" \/>\n<meta property=\"og:type\" content=\"article\" \/>\n<meta property=\"og:title\" content=\"Impressum - wahnfood GmbH\" \/>\n<meta property=\"og:description\" content=\"[et_pb_section fb_built=&#8221;1&#8243; _builder_version=&#8221;4.9.6&#8243; _module_preset=&#8221;default&#8221; background_color=&#8221;#808080&#8243; custom_margin=&#8221;0px||0px||false|false&#8221; custom_padding=&#8221;0px||0px||false|false&#8221;][et_pb_row _builder_version=&#8221;4.9.6&#8243; _module_preset=&#8221;default&#8221;][et_pb_column type=&#8221;4_4&#8243; _builder_version=&#8221;4.9.6&#8243; _module_preset=&#8221;default&#8221;][et_pb_code _builder_version=&#8221;4.9.6&#8243; _module_preset=&#8221;default&#8221;] [\/et_pb_code][\/et_pb_column][\/et_pb_row][\/et_pb_section][et_pb_section fb_built=&#8221;1&#8243; _builder_version=&#8221;4.9.6&#8243; _module_preset=&#8221;default&#8221;][et_pb_row _builder_version=&#8221;4.9.6&#8243; _module_preset=&#8221;default&#8221;][et_pb_column type=&#8221;4_4&#8243; _builder_version=&#8221;4.9.6&#8243; _module_preset=&#8221;default&#8221;][et_pb_text module_class=&#8221;fliesstext-intro&#8221; _builder_version=&#8221;4.9.6&#8243; _module_preset=&#8221;default&#8221;] Impressum Angaben gem\u00e4\u00df \u00a7 5 TMG: wahnfood GmbHSiegfriedstrasse 595444 Bayreuth Handelsregister Bayreuth: HRB 7711Gesch\u00e4ftsf\u00fchrer: Engin G\u00fclyaprak, Axel Gottstein Kontakt: Telefon: +49 (0) 152 08710394E-Mail: kontakt@wahnfood.de Umsatzsteuer-ID: Umsatzsteuer-Identifikationsnummer gem\u00e4\u00df \u00a727 [&hellip;]\" \/>\n<meta property=\"og:url\" content=\"https:\/\/www.wahnfood.de\/en\/impressum\/\" \/>\n<meta property=\"og:site_name\" content=\"wahnfood GmbH\" \/>\n<meta property=\"article:publisher\" content=\"https:\/\/www.facebook.com\/wahnfood\" \/>\n<meta property=\"article:modified_time\" content=\"2025-10-21T11:45:41+00:00\" \/>\n<meta name=\"twitter:card\" content=\"summary_large_image\" \/>\n<meta name=\"twitter:label1\" content=\"Est. reading time\" \/>\n\t<meta name=\"twitter:data1\" content=\"3 minutes\" \/>\n<script type=\"application\/ld+json\" class=\"yoast-schema-graph\">{\"@context\":\"https:\/\/schema.org\",\"@graph\":[{\"@type\":\"WebPage\",\"@id\":\"https:\/\/www.wahnfood.de\/en\/impressum\/\",\"url\":\"https:\/\/www.wahnfood.de\/en\/impressum\/\",\"name\":\"Impressum - wahnfood GmbH\",\"isPartOf\":{\"@id\":\"https:\/\/www.wahnfood.de\/#website\"},\"datePublished\":\"2021-06-17T21:46:34+00:00\",\"dateModified\":\"2025-10-21T11:45:41+00:00\",\"breadcrumb\":{\"@id\":\"https:\/\/www.wahnfood.de\/en\/impressum\/#breadcrumb\"},\"inLanguage\":\"en-US\",\"potentialAction\":[{\"@type\":\"ReadAction\",\"target\":[\"https:\/\/www.wahnfood.de\/en\/impressum\/\"]}]},{\"@type\":\"BreadcrumbList\",\"@id\":\"https:\/\/www.wahnfood.de\/en\/impressum\/#breadcrumb\",\"itemListElement\":[{\"@type\":\"ListItem\",\"position\":1,\"name\":\"Startseite\",\"item\":\"https:\/\/www.wahnfood.de\/en\/festspiel-gourmet-startseite\/\"},{\"@type\":\"ListItem\",\"position\":2,\"name\":\"Impressum\"}]},{\"@type\":\"WebSite\",\"@id\":\"https:\/\/www.wahnfood.de\/#website\",\"url\":\"https:\/\/www.wahnfood.de\/\",\"name\":\"wahnfood GmbH\",\"description\":\"Events &amp; Catering Bayreuth\",\"publisher\":{\"@id\":\"https:\/\/www.wahnfood.de\/#organization\"},\"potentialAction\":[{\"@type\":\"SearchAction\",\"target\":{\"@type\":\"EntryPoint\",\"urlTemplate\":\"https:\/\/www.wahnfood.de\/?s={search_term_string}\"},\"query-input\":\"required name=search_term_string\"}],\"inLanguage\":\"en-US\"},{\"@type\":\"Organization\",\"@id\":\"https:\/\/www.wahnfood.de\/#organization\",\"name\":\"Festspie Gourmet\",\"url\":\"https:\/\/www.wahnfood.de\/\",\"logo\":{\"@type\":\"ImageObject\",\"inLanguage\":\"en-US\",\"@id\":\"https:\/\/www.wahnfood.de\/#\/schema\/logo\/image\/\",\"url\":\"https:\/\/www.festspiel-gourmet.de\/wp-content\/uploads\/2022\/07\/22_Festspiel_Gourmets_Logo-01.jpg\",\"contentUrl\":\"https:\/\/www.festspiel-gourmet.de\/wp-content\/uploads\/2022\/07\/22_Festspiel_Gourmets_Logo-01.jpg\",\"width\":591,\"height\":250,\"caption\":\"Festspie Gourmet\"},\"image\":{\"@id\":\"https:\/\/www.wahnfood.de\/#\/schema\/logo\/image\/\"},\"sameAs\":[\"https:\/\/www.instagram.com\/wahnfood\/\",\"https:\/\/www.facebook.com\/wahnfood\"]}]}<\/script>\n<!-- \/ Yoast SEO plugin. -->","yoast_head_json":{"title":"Impressum - wahnfood GmbH","robots":{"index":"index","follow":"follow","max-snippet":"max-snippet:-1","max-image-preview":"max-image-preview:large","max-video-preview":"max-video-preview:-1"},"canonical":"https:\/\/www.wahnfood.de\/en\/impressum\/","og_locale":"en_US","og_type":"article","og_title":"Impressum - wahnfood GmbH","og_description":"[et_pb_section fb_built=&#8221;1&#8243; _builder_version=&#8221;4.9.6&#8243; _module_preset=&#8221;default&#8221; background_color=&#8221;#808080&#8243; custom_margin=&#8221;0px||0px||false|false&#8221; custom_padding=&#8221;0px||0px||false|false&#8221;][et_pb_row _builder_version=&#8221;4.9.6&#8243; _module_preset=&#8221;default&#8221;][et_pb_column type=&#8221;4_4&#8243; _builder_version=&#8221;4.9.6&#8243; _module_preset=&#8221;default&#8221;][et_pb_code _builder_version=&#8221;4.9.6&#8243; _module_preset=&#8221;default&#8221;] [\/et_pb_code][\/et_pb_column][\/et_pb_row][\/et_pb_section][et_pb_section fb_built=&#8221;1&#8243; _builder_version=&#8221;4.9.6&#8243; _module_preset=&#8221;default&#8221;][et_pb_row _builder_version=&#8221;4.9.6&#8243; _module_preset=&#8221;default&#8221;][et_pb_column type=&#8221;4_4&#8243; _builder_version=&#8221;4.9.6&#8243; _module_preset=&#8221;default&#8221;][et_pb_text module_class=&#8221;fliesstext-intro&#8221; _builder_version=&#8221;4.9.6&#8243; _module_preset=&#8221;default&#8221;] Impressum Angaben gem\u00e4\u00df \u00a7 5 TMG: wahnfood GmbHSiegfriedstrasse 595444 Bayreuth Handelsregister Bayreuth: HRB 7711Gesch\u00e4ftsf\u00fchrer: Engin G\u00fclyaprak, Axel Gottstein Kontakt: Telefon: +49 (0) 152 08710394E-Mail: kontakt@wahnfood.de Umsatzsteuer-ID: Umsatzsteuer-Identifikationsnummer gem\u00e4\u00df \u00a727 [&hellip;]","og_url":"https:\/\/www.wahnfood.de\/en\/impressum\/","og_site_name":"wahnfood GmbH","article_publisher":"https:\/\/www.facebook.com\/wahnfood","article_modified_time":"2025-10-21T11:45:41+00:00","twitter_card":"summary_large_image","twitter_misc":{"Est. reading time":"3 minutes"},"schema":{"@context":"https:\/\/schema.org","@graph":[{"@type":"WebPage","@id":"https:\/\/www.wahnfood.de\/en\/impressum\/","url":"https:\/\/www.wahnfood.de\/en\/impressum\/","name":"Impressum - wahnfood GmbH","isPartOf":{"@id":"https:\/\/www.wahnfood.de\/#website"},"datePublished":"2021-06-17T21:46:34+00:00","dateModified":"2025-10-21T11:45:41+00:00","breadcrumb":{"@id":"https:\/\/www.wahnfood.de\/en\/impressum\/#breadcrumb"},"inLanguage":"en-US","potentialAction":[{"@type":"ReadAction","target":["https:\/\/www.wahnfood.de\/en\/impressum\/"]}]},{"@type":"BreadcrumbList","@id":"https:\/\/www.wahnfood.de\/en\/impressum\/#breadcrumb","itemListElement":[{"@type":"ListItem","position":1,"name":"Startseite","item":"https:\/\/www.wahnfood.de\/en\/festspiel-gourmet-startseite\/"},{"@type":"ListItem","position":2,"name":"Impressum"}]},{"@type":"WebSite","@id":"https:\/\/www.wahnfood.de\/#website","url":"https:\/\/www.wahnfood.de\/","name":"wahnfood GmbH","description":"Events &amp; Catering Bayreuth","publisher":{"@id":"https:\/\/www.wahnfood.de\/#organization"},"potentialAction":[{"@type":"SearchAction","target":{"@type":"EntryPoint","urlTemplate":"https:\/\/www.wahnfood.de\/?s={search_term_string}"},"query-input":"required name=search_term_string"}],"inLanguage":"en-US"},{"@type":"Organization","@id":"https:\/\/www.wahnfood.de\/#organization","name":"Festspie Gourmet","url":"https:\/\/www.wahnfood.de\/","logo":{"@type":"ImageObject","inLanguage":"en-US","@id":"https:\/\/www.wahnfood.de\/#\/schema\/logo\/image\/","url":"https:\/\/www.festspiel-gourmet.de\/wp-content\/uploads\/2022\/07\/22_Festspiel_Gourmets_Logo-01.jpg","contentUrl":"https:\/\/www.festspiel-gourmet.de\/wp-content\/uploads\/2022\/07\/22_Festspiel_Gourmets_Logo-01.jpg","width":591,"height":250,"caption":"Festspie Gourmet"},"image":{"@id":"https:\/\/www.wahnfood.de\/#\/schema\/logo\/image\/"},"sameAs":["https:\/\/www.instagram.com\/wahnfood\/","https:\/\/www.facebook.com\/wahnfood"]}]}},"_links":{"self":[{"href":"https:\/\/www.wahnfood.de\/en\/wp-json\/wp\/v2\/pages\/316","targetHints":{"allow":["GET"]}}],"collection":[{"href":"https:\/\/www.wahnfood.de\/en\/wp-json\/wp\/v2\/pages"}],"about":[{"href":"https:\/\/www.wahnfood.de\/en\/wp-json\/wp\/v2\/types\/page"}],"author":[{"embeddable":true,"href":"https:\/\/www.wahnfood.de\/en\/wp-json\/wp\/v2\/users\/1"}],"replies":[{"embeddable":true,"href":"https:\/\/www.wahnfood.de\/en\/wp-json\/wp\/v2\/comments?post=316"}],"version-history":[{"count":22,"href":"https:\/\/www.wahnfood.de\/en\/wp-json\/wp\/v2\/pages\/316\/revisions"}],"predecessor-version":[{"id":3413,"href":"https:\/\/www.wahnfood.de\/en\/wp-json\/wp\/v2\/pages\/316\/revisions\/3413"}],"wp:attachment":[{"href":"https:\/\/www.wahnfood.de\/en\/wp-json\/wp\/v2\/media?parent=316"}],"curies":[{"name":"wp","href":"https:\/\/api.w.org\/{rel}","templated":true}]}}